{"id":155,"date":"2015-04-23T11:20:59","date_gmt":"2015-04-23T09:20:59","guid":{"rendered":"http:\/\/caritaselblag.pl\/?page_id=155"},"modified":"2015-04-27T11:52:59","modified_gmt":"2015-04-27T09:52:59","slug":"statut-parafialnego-zespolu-caritas","status":"publish","type":"page","link":"http:\/\/caritas.elblag.pl\/?page_id=155","title":{"rendered":"Statut Parafialnego Zespo\u0142u Caritas"},"content":{"rendered":"<p style=\"text-align: center;\"><strong>STATUT<\/strong><\/p>\n<p style=\"text-align: center;\"><strong>PARAFIALNEGO ZESPO\u0141U CARITAS<\/strong><\/p>\n<p style=\"text-align: center;\"><strong>PARAFII DIECEZJI ELBL\u0104SKIEJ<\/strong><\/p>\n<p style=\"text-align: center;\">W oparciu o \u201eWskazania duszpasterskie dla parafialnych zespo\u0142\u00f3w Caritas\u201d<\/p>\n<p style=\"text-align: center;\">zaakceptowane przez Komisj\u0119 Charytatywn\u0105 Konferencji Episkopatu Polski w dniu 3<\/p>\n<p style=\"text-align: center;\">grudnia 1999 r., nadaje si\u0119 niniejszy statut Parafialnego Zespo\u0142u Caritas (PZC), dla jak<\/p>\n<p style=\"text-align: center;\">najlepszego realizowania zada\u0144 mi\u0142osierdzia stoj\u0105cych przed ka\u017cdym wiernym.<\/p>\n<p style=\"text-align: center;\"><strong>ROZDZIA\u0141 I<\/strong><\/p>\n<p style=\"text-align: center;\"><strong>POWO\u0141ANIE I SIEDZIBA<\/strong><\/p>\n<p style=\"text-align: center;\">1. PZC powo\u0142uje \u2013 na wniosek proboszcza parafii \u2013 Dyrektor Caritas Diecezji Elbl\u0105skiej.<\/p>\n<p style=\"text-align: center;\">Siedzib\u0105 PZC jest siedziba parafii.<\/p>\n<p style=\"text-align: center;\">2. O powo\u0142aniu PZC Dyrektor Caritas Diecezji Elbl\u0105skiej niezw\u0142ocznie informuje Biskupa<\/p>\n<p style=\"text-align: center;\">3. PZC jest podstawow\u0105 jednostk\u0105 organizacyjn\u0105 Caritas Diecezji Elbl\u0105skiej.<\/p>\n<p style=\"text-align: center;\">1. PZC nie posiada osobowo\u015bci prawnej, dlatego w swojej dzia\u0142alno\u015bci korzysta z<\/p>\n<p style=\"text-align: center;\">osobowo\u015bci prawnej parafii, przy kt\u00f3rej zosta\u0142 powo\u0142any.<\/p>\n<p style=\"text-align: center;\">2. Obszarem dzia\u0142ania PZC jest teren parafii, przy kt\u00f3rej zosta\u0142 powo\u0142any.<\/p>\n<p style=\"text-align: center;\"><strong>ROZDZIA\u0141 II<\/strong><\/p>\n<p style=\"text-align: center;\"><strong>MISJA I ZADANIA<\/strong><\/p>\n<p style=\"text-align: center;\">1. Celem PZC jest dzia\u0142alno\u015b\u0107 charytatywna i humanitarna dla zrealizowania potrzeb<\/p>\n<p style=\"text-align: center;\">duchowych i materialnych cz\u0142owieka, wyp\u0142ywaj\u0105ca z ewangelicznego przykazania mi\u0142o\u015bci<\/p>\n<p style=\"text-align: center;\">i maj\u0105ca na uwadze godno\u015b\u0107 ka\u017cdej osoby ludzkiej bez wzgl\u0119du na jej wyznanie,<\/p>\n<p style=\"text-align: center;\">\u015bwiatopogl\u0105d, narodowo\u015b\u0107, ras\u0119 i przekonania.<\/p>\n<p style=\"text-align: center;\">2. PZC \u2013 w ramach posiadanych mo\u017cliwo\u015bci i \u015brodk\u00f3w \u2013 w\u0142\u0105cza si\u0119 czynnie w<\/p>\n<p style=\"text-align: center;\">realizowanie inicjatyw i zada\u0144 stawianych przez Caritas Diecezji Elbl\u0105skiej.<\/p>\n<p style=\"text-align: center;\">3. PZC koordynuje dzia\u0142alno\u015b\u0107 charytatywn\u0105 na terenie parafii.<\/p>\n<p style=\"text-align: center;\">1. Do dziedzin dzia\u0142alno\u015bci PZC \u2013 w miar\u0119 mo\u017cliwo\u015bci \u00ad nale\u017c\u0105 w szczeg\u00f3lno\u015bci:<\/p>\n<p style=\"text-align: center;\">krzewienie i o\u017cywianie mi\u0142o\u015bci mi\u0142osiernej oraz systematyczna i metodyczna<\/p>\n<p style=\"text-align: center;\">formacja charytatywna;<\/p>\n<p style=\"text-align: center;\">prowadzenie dzia\u0142alno\u015bci charytatywno \u2013 opieku\u0144czej, systematyzowanie jej form<\/p>\n<p style=\"text-align: center;\">i podejmowanie dzia\u0142a\u0144 na rzecz szerokiego zakresu potrzebuj\u0105cych, a w<\/p>\n<p style=\"text-align: center;\">szczeg\u00f3lno\u015bci: rodziny, dzieci, m\u0142odzie\u017cy, samotnych matek, niepe\u0142nosprawnych,<\/p>\n<p style=\"text-align: center;\">chorych, senior\u00f3w, uzale\u017cnionych, bezdomnych, bezrobotnych, ofiar przemocy,<\/p>\n<p style=\"text-align: center;\">wi\u0119\u017ani\u00f3w, migrant\u00f3w i uchod\u017ac\u00f3w, ofiar kl\u0119sk \u017cywio\u0142owych, epidemii i zbrojnych<\/p>\n<p style=\"text-align: center;\">pomoc charytatywna;<\/p>\n<p style=\"text-align: center;\">dzia\u0142alno\u015b\u0107 na rzecz os\u00f3b niepe\u0142nosprawnych;<\/p>\n<p style=\"text-align: center;\">promocja zatrudnienia i aktywizacja zawodowa os\u00f3b pozostaj\u0105cych bez pracy i<\/p>\n<p style=\"text-align: center;\">zagro\u017conych zwolnieniem z pracy;<\/p>\n<p style=\"text-align: center;\">krajoznawstwo oraz wypoczynek dzieci i m\u0142odzie\u017cy;<\/p>\n<p style=\"text-align: center;\">przeciwdzia\u0142anie patologiom spo\u0142ecznym;<\/p>\n<p style=\"text-align: center;\">promocja i organizacja wolontariatu.<\/p>\n<p style=\"text-align: center;\">2. Zadania te PZC realizuje w szczeg\u00f3lno\u015bci poprzez:<\/p>\n<p style=\"text-align: center;\">systematyczn\u0105 formacj\u0119 i kszta\u0142cenie wolontariuszy;<\/p>\n<p style=\"text-align: center;\">spotkania i seminaria formacyjne, Tygodnie Mi\u0142osierdzia i inne formy krzewienia<\/p>\n<p style=\"text-align: center;\">mi\u0142o\u015bci mi\u0142osiernej;<\/p>\n<p style=\"text-align: center;\">organizowanie grup wolontariatu;<\/p>\n<p style=\"text-align: center;\">prowadzenie akcji promuj\u0105cych i finansuj\u0105cych dzia\u0142alno\u015b\u0107 charytatywn\u0105;<\/p>\n<p style=\"text-align: center;\">r\u00f3\u017cne formy wypoczynku dla dzieci i doros\u0142ych, a zw\u0142aszcza dla dzieci i m\u0142odzie\u017cy<\/p>\n<p style=\"text-align: center;\">niepe\u0142nosprawnej, dla dzieci i m\u0142odzie\u017cy z rodzin ubogich, dysfunkcyjnych,<\/p>\n<p style=\"text-align: center;\">wielodzietnych, dla dzieci i m\u0142odzie\u017cy polonijnej, dla os\u00f3b starszych;<\/p>\n<p style=\"text-align: center;\">inspiracja otoczenia do niesienia pomocy osobom potrzebuj\u0105cym;<\/p>\n<p style=\"text-align: center;\">modlitwa \u2013 jako duchowa forma wspierania nios\u0105cych pomoc oraz<\/p>\n<p style=\"text-align: center;\">potrzebuj\u0105cych pomocy.<\/p>\n<p style=\"text-align: center;\">3. PZC informuje Dyrektora Caritas Diecezji Elbl\u0105skiej o podj\u0119tej wsp\u00f3\u0142pracy z innymi<\/p>\n<p style=\"text-align: center;\">ko\u015bcielnymi instytucjami charytatywnymi na terenie diecezji.<\/p>\n<p style=\"text-align: center;\">4. PZC po uzyskaniu aprobaty Dyrektora Caritas mo\u017ce podj\u0105\u0107 wsp\u00f3\u0142prac\u0119:<\/p>\n<p style=\"text-align: center;\">z administracj\u0105 publiczn\u0105;<\/p>\n<p style=\"text-align: center;\">z organizacjami charytatywnymi innych wyzna\u0144 i religii oraz organizacjami<\/p>\n<p style=\"text-align: center;\">\u015bwieckimi, przy zachowaniu w\u0142asnej katolickiej to\u017csamo\u015bci.<\/p>\n<p style=\"text-align: center;\"><strong>ROZDZIA\u0141 III<\/strong><\/p>\n<p style=\"text-align: center;\"><strong>W\u0141ADZE PZC I ICH ORGANIZACJA<\/strong><\/p>\n<p style=\"text-align: center;\">1. Przewodnicz\u0105cy,<\/p>\n<p style=\"text-align: center;\">3. Walne zebranie cz\u0142onk\u00f3w.<\/p>\n<p style=\"text-align: center;\">1. Przewodnicz\u0105cym PZC jest proboszcz parafii lub administrator parafii.<\/p>\n<p style=\"text-align: center;\">2. Przewodnicz\u0105cy odpowiada za ca\u0142okszta\u0142t dzia\u0142alno\u015bci PZC przed Biskupem Elbl\u0105skim<\/p>\n<p style=\"text-align: center;\">oraz Dyrektorem Caritas Diecezji Elbl\u0105skiej.<\/p>\n<p style=\"text-align: center;\">3. Do zada\u0144 Przewodnicz\u0105cego PZC nale\u017cy w szczeg\u00f3lno\u015bci:<\/p>\n<p style=\"text-align: center;\">propagowanie misji i zada\u0144 PZC;<\/p>\n<p style=\"text-align: center;\">zatwierdzanie program\u00f3w dzia\u0142alno\u015bci;<\/p>\n<p style=\"text-align: center;\">zatwierdzanie cz\u0142onk\u00f3w Zarz\u0105du i cz\u0142onk\u00f3w zwyczajnych PZC;<\/p>\n<p style=\"text-align: center;\">nadz\u00f3r nad dzia\u0142alno\u015bci\u0105 PZC;<\/p>\n<p style=\"text-align: center;\">podejmowanie decyzji w sprawach maj\u0105tkowych i rozporz\u0105dzanie finansami na<\/p>\n<p style=\"text-align: center;\">sk\u0142adanie wniosku na Walnym Zebraniu o odwo\u0142anie Zarz\u0105du.<\/p>\n<p style=\"text-align: center;\">4. W nadzwyczajnych sytuacjach, Przewodnicz\u0105cy PZC \u2013 dzia\u0142aj\u0105c w porozumieniu z<\/p>\n<p style=\"text-align: center;\">Dyrektorem Caritas Diecezji Elbl\u0105skiej \u2013 mo\u017ce samodzielnie odwo\u0142a\u0107 Zarz\u0105d PZC lub<\/p>\n<p style=\"text-align: center;\">poszczeg\u00f3lnych jego cz\u0142onk\u00f3w.<\/p>\n<p style=\"text-align: center;\">1. Zarz\u0105d PZC sk\u0142ada si\u0119 z 3 \u2013 4 os\u00f3b: Prezesa, Sekretarza i Skarbnika oraz<\/p>\n<p style=\"text-align: center;\">Wiceprezesa przy 4\u00adosobowym sk\u0142adzie Zarz\u0105du.<\/p>\n<p style=\"text-align: center;\">2. Cz\u0142onk\u00f3w Zarz\u0105du wybiera Walne Zebranie cz\u0142onk\u00f3w PZC, zatwierdza<\/p>\n<p style=\"text-align: center;\">Przewodnicz\u0105cy PZC i akceptuje Dyrektor Caritas Diecezji Elbl\u0105skiej.<\/p>\n<p style=\"text-align: center;\">3. Zarz\u0105d powo\u0142ywany jest na trzyletni\u0105 kadencj\u0119. Cz\u0142onkowie Zarz\u0105du po up\u0142ywie<\/p>\n<p style=\"text-align: center;\">kadencji Zarz\u0105du mog\u0105 by\u0107 ponownie wybrani na nast\u0119pna kadencj\u0119.<\/p>\n<p style=\"text-align: center;\">4. Cz\u0142onkowie Zarz\u0105du pe\u0142ni\u0105 swoj\u0105 funkcj\u0119 bez wynagrodzenia.<\/p>\n<p style=\"text-align: center;\">5. Prezes PZC zwo\u0142uje posiedzenia Zarz\u0105du. Zarz\u0105d odbywa posiedzenie przynajmniej<\/p>\n<p style=\"text-align: center;\">raz w miesi\u0105cu oraz zawsze ilekro\u0107 zachodzi potrzeba. W posiedzeniach ma prawo<\/p>\n<p style=\"text-align: center;\">uczestniczenia Przewodnicz\u0105cy PZC.<\/p>\n<p style=\"text-align: center;\">Do zakresu dzia\u0142ania Zarz\u0105du nale\u017cy w szczeg\u00f3lno\u015bci:<\/p>\n<p style=\"text-align: center;\">kierowanie dzia\u0142alno\u015bci\u0105 PZC;<\/p>\n<p style=\"text-align: center;\">rozporz\u0105dzanie \u015brodkami materialnymi i finansami PZC w porozumieniu z<\/p>\n<p style=\"text-align: center;\">Przewodnicz\u0105cym;<\/p>\n<p style=\"text-align: center;\">wsp\u00f3\u0142praca z Caritas Diecezji Elbl\u0105skiej;<\/p>\n<p style=\"text-align: center;\">przygotowywanie i zwo\u0142ywanie Walnego Zebrania cz\u0142onk\u00f3w;<\/p>\n<p style=\"text-align: center;\">przygotowanie corocznego sprawozdania merytorycznego i finansowego dla Caritas<\/p>\n<p style=\"text-align: center;\">Diecezji Elbl\u0105skiej oraz Walnego Zebrania cz\u0142onk\u00f3w.<\/p>\n<p style=\"text-align: center;\">1. PZC reprezentuje Przewodnicz\u0105cy wraz z przynajmniej jednym cz\u0142onkiem Zarz\u0105du.<\/p>\n<p style=\"text-align: center;\">2. Na wniosek Przewodnicz\u0105cego Dyrektor Caritas Diecezji Elbl\u0105skiej mo\u017ce upowa\u017cni\u0107<\/p>\n<p style=\"text-align: center;\">do reprezentowania PZC Prezesa wraz z przynajmniej jednym cz\u0142onkiem Zarz\u0105du.<\/p>\n<p style=\"text-align: center;\">1. Walne Zebranie odbywa si\u0119 przynajmniej raz w roku oraz zawsze w\u00f3wczas, gdy<\/p>\n<p style=\"text-align: center;\">zachodzi potrzeba. Zwo\u0142ane prawid\u0142owo jest prawomocne bez wzgl\u0119du na liczb\u0119<\/p>\n<p style=\"text-align: center;\">obecnych cz\u0142onk\u00f3w. W Walnym Zebraniu uczestnicz\u0105 cz\u0142onkowie zwyczajni PZC,<\/p>\n<p style=\"text-align: center;\">cz\u0142onkowie Zarz\u0105du oraz Przewodnicz\u0105cy.<\/p>\n<p style=\"text-align: center;\">2. O zwo\u0142aniu Walnego Zebrania PZC informuje si\u0119 w spos\u00f3b zwyczajowo ustalony w<\/p>\n<p style=\"text-align: center;\">danej parafii dla og\u0142osze\u0144 duszpasterskich.<\/p>\n<p style=\"text-align: center;\">3. Walne Zebranie mo\u017ce wypowiada\u0107 si\u0119 we wszystkich sprawach dotycz\u0105cych PZC, a w<\/p>\n<p style=\"text-align: center;\">zatwierdza sprawozdanie Zarz\u0105du;<\/p>\n<p style=\"text-align: center;\">rozstrzyga wnioski cz\u0142onk\u00f3w, o ile by\u0142y uwzgl\u0119dnione w porz\u0105dku obrad,<\/p>\n<p style=\"text-align: center;\">wybiera cz\u0142onk\u00f3w Zarz\u0105du;<\/p>\n<p style=\"text-align: center;\">na wniosek Przewodnicz\u0105cego PZC odwo\u0142uje cz\u0142onk\u00f3w Zarz\u0105du;<\/p>\n<p style=\"text-align: center;\">wnioskuje do Dyrektora Caritas Diecezji Elbl\u0105skiej o rozwi\u0105zanie PZC<\/p>\n<p style=\"text-align: center;\">wi\u0119kszo\u015bci\u0105 3\/4 g\u0142os\u00f3w obecnych cz\u0142onk\u00f3w uprawnionych do g\u0142osowania.<\/p>\n<p style=\"text-align: center;\">4. Wszyscy cz\u0142onkowie maj\u0105 r\u00f3wne prawo g\u0142osowania. Uchwa\u0142y Walnego Zebrania<\/p>\n<p style=\"text-align: center;\">zapadaj\u0105 zwyk\u0142\u0105 wi\u0119kszo\u015bci\u0105 g\u0142os\u00f3w.<\/p>\n<p style=\"text-align: center;\"><strong>ROZDZIA\u0141 IV<\/strong><\/p>\n<p style=\"text-align: center;\"><strong>CZ\u0141ONKOSTWO W PZC<\/strong><\/p>\n<p style=\"text-align: center;\">1. Cz\u0142onkostwo w PZC dzieli si\u0119 na:<\/p>\n<p style=\"text-align: center;\">zwyczajne \u2013 wolontariusze pracuj\u0105cy systematycznie dla realizacji misji Caritas,<\/p>\n<p style=\"text-align: center;\">kt\u00f3rzy z\u0142o\u017cyli deklaracj\u0119 cz\u0142onka zwyczajnego;<\/p>\n<p style=\"text-align: center;\">wspieraj\u0105ce \u2013 osoby fizyczne lub prawne deklaruj\u0105ce swoj\u0105 sta\u0142\u0105 miesi\u0119czn\u0105<\/p>\n<p style=\"text-align: center;\">ofiar\u0119 finansow\u0105 na wsparcie realizacji misji Caritas.<\/p>\n<p style=\"text-align: center;\">2. Z PZC mog\u0105 wsp\u00f3\u0142pracowa\u0107 wolontariusze, kt\u00f3rzy nie s\u0105 cz\u0142onkami PZC, z<\/p>\n<p style=\"text-align: center;\">zachowaniem odr\u0119bnych przepis\u00f3w dotycz\u0105cych pracy wolontariuszy.<\/p>\n<p style=\"text-align: center;\">3. Wszystkich wolontariuszy PZC obowi\u0105zuje w sumieniu tajemnica w odniesieniu do<\/p>\n<p style=\"text-align: center;\">spraw i os\u00f3b, kt\u00f3rym pomagaj\u0105.<\/p>\n<p style=\"text-align: center;\">4. Utrata cz\u0142onkostwa nast\u0119puje w wyniku rezygnacji cz\u0142onka PZC lub decyzji<\/p>\n<p style=\"text-align: center;\">Przewodnicz\u0105cego podj\u0119tej na wniosek Zarz\u0105du PZC.<\/p>\n<p style=\"text-align: center;\"><strong>ROZDZIA\u0141 V<\/strong><\/p>\n<p style=\"text-align: center;\"><strong>\u015aRODKI MATERIALNE<\/strong><\/p>\n<p style=\"text-align: center;\">PZC czerpie potrzebne do prowadzenia dzia\u0142alno\u015bci statutowej \u015brodki materialne w<\/p>\n<p style=\"text-align: center;\">naturze i got\u00f3wce z r\u00f3\u017cnych \u017ar\u00f3de\u0142, a w szczeg\u00f3lno\u015bci:<\/p>\n<p style=\"text-align: center;\">dochod\u00f3w z imprez (festyny, loterie, aukcje, zabawy);<\/p>\n<p style=\"text-align: center;\">ofiar pieni\u0119\u017cnych i w naturze;<\/p>\n<p style=\"text-align: center;\">dotacji instytucji ko\u015bcielnych;<\/p>\n<p style=\"text-align: center;\">fundusz\u00f3w parafialnych;<\/p>\n<p style=\"text-align: center;\">innych \u017ar\u00f3de\u0142 wed\u0142ug praktyki parafialnej i diecezjalnej.<\/p>\n<p style=\"text-align: center;\">1. PZC mo\u017ce posiada\u0107 SUBKONTO przy rachunku bankowym swojej parafii, na kt\u00f3rym<\/p>\n<p style=\"text-align: center;\">to gromadzi \u015brodki dla realizacji cel\u00f3w statutowych.<\/p>\n<p style=\"text-align: center;\">1. PZC nie ma prawa zaci\u0105gania zobowi\u0105za\u0144 w postaci kredyt\u00f3w i po\u017cyczek oraz<\/p>\n<p style=\"text-align: center;\">zawierania jakichkolwiek um\u00f3w.<\/p>\n<p style=\"text-align: center;\">1. Okresem sprawozdawczym PZC jest rok kalendarzowy.<\/p>\n<p style=\"text-align: center;\">2. W ci\u0105gu miesi\u0105ca od zako\u0144czenia roku sprawozdawczego PZC przesy\u0142a pe\u0142ne<\/p>\n<p style=\"text-align: center;\">sprawozdanie merytoryczne i finansowe do Caritas Diecezji Elbl\u0105skiej.<\/p>\n<p style=\"text-align: center;\">3. Dyrektor Caritas Diecezji Elbl\u0105skiej lub osoba przez niego upowa\u017cniona \u2013 za zgod\u0105<\/p>\n<p style=\"text-align: center;\">Biskupa Elbl\u0105skiego \u2013 ma prawo kontroli maj\u0105tku, dokumentacji i gospodarki finansowej<\/p>\n<p style=\"text-align: center;\"><strong>ROZDZIA\u0141 VI<\/strong><\/p>\n<p style=\"text-align: center;\"><strong>DOKUMENTACJA DZIA\u0141ALNO\u015aCI<\/strong><\/p>\n<p style=\"text-align: center;\">1. PZC dokumentuje swoj\u0105 dzia\u0142alno\u015b\u0107 zgodnie z wytycznymi i wzorami przekazanymi<\/p>\n<p style=\"text-align: center;\">przez Caritas Diecezji Elbl\u0105skiej, a w szczeg\u00f3lno\u015bci poprzez:<\/p>\n<p style=\"text-align: center;\">prowadzenie kartotek os\u00f3b potrzebuj\u0105cych;<\/p>\n<p style=\"text-align: center;\">ewidencj\u0119 otrzymanych i przekazanych dar\u00f3w rzeczowych;<\/p>\n<p style=\"text-align: center;\">prowadzenie dokumentacji finansowo \u2013 ksi\u0119gowej;<\/p>\n<p style=\"text-align: center;\">prowadzenie protoko\u0142\u00f3w spotka\u0144;<\/p>\n<p style=\"text-align: center;\">prowadzenie kroniki.<\/p>\n<p style=\"text-align: center;\">2. Dokumentacja PZC pozostaje w ca\u0142o\u015bci do wy\u0142\u0105cznego wgl\u0105du Przewodnicz\u0105cego i<\/p>\n<p style=\"text-align: center;\">Zarz\u0105du PZC oraz Biskupa Elbl\u0105skiego i Dyrektora Caritas Diecezji Elbl\u0105skiej lub ich<\/p>\n<p style=\"text-align: center;\">upowa\u017cnionych przedstawicieli.<\/p>\n<p style=\"text-align: center;\">3. Prowadzenie dokumentacji zawieraj\u0105cej dane osobowe wymaga szczeg\u00f3lnego<\/p>\n<p style=\"text-align: center;\">zachowania staranno\u015bci i przestrzegania w tym zakresie przepis\u00f3w o ochronie danych<\/p>\n<p style=\"text-align: center;\">osobowych. Dost\u0119p do danych osobowych zbieranych w ramach dokumentacji PZC<\/p>\n<p style=\"text-align: center;\">powinien by\u0107 bardzo ograniczony.<\/p>\n<p style=\"text-align: center;\">4. Dokumentacja bie\u017c\u0105ca i archiwalna PZC przechowywana jest w siedzibie parafii, z<\/p>\n<p style=\"text-align: center;\">zachowaniem przepis\u00f3w dotycz\u0105cych dokumentacji parafialnej.<\/p>\n<p style=\"text-align: center;\">1. Wszelkie dokumenty PZC \u2013 zgodnie z przepisami niniejszego Statutu \u2013 wymagaj\u0105<\/p>\n<p style=\"text-align: center;\">podpisu Przewodnicz\u0105cego i Prezesa PZC.<\/p>\n<p style=\"text-align: center;\"><strong>ROZDZIA\u0141 VII<\/strong><\/p>\n<p style=\"text-align: center;\"><strong>FORMACJA CHARYTATYWNA I EDUKACJA CZ\u0141ONK\u00d3W<\/strong><\/p>\n<p style=\"text-align: center;\">1. Cz\u0142onkowie PZC maj\u0105 obowi\u0105zek troszczenia si\u0119 o pog\u0142\u0119bienie w\u0142asnego \u017cycia<\/p>\n<p style=\"text-align: center;\">religijnego oraz dokszta\u0142cania si\u0119 w dziedzinie pracy charytatywnej.<\/p>\n<p style=\"text-align: center;\">2. Przynajmniej raz w miesi\u0105cu powinny odbywa\u0107 si\u0119 spotkania cz\u0142onk\u00f3w PZC obejmuj\u0105ce:<\/p>\n<p style=\"text-align: center;\">formacj\u0119 metodyczno \u2013 dydaktyczn\u0105;<\/p>\n<p style=\"text-align: center;\">sprawy organizacyjne.<\/p>\n<p style=\"text-align: center;\">3. Obowi\u0105zkiem cz\u0142onk\u00f3w zwyczajnych PZC jest uczestniczenie w spotkaniach<\/p>\n<p style=\"text-align: center;\">formacyjnych i szkoleniach organizowanych przez Caritas Diecezji Elbl\u0105skiej w celu<\/p>\n<p style=\"text-align: center;\">doskonalenia podejmowanej pos\u0142ugi mi\u0142osierdzia.<\/p>\n<p style=\"text-align: center;\"><strong>ROZDZIA\u0141 VIII<\/strong><\/p>\n<p style=\"text-align: center;\"><strong>ROZWI\u0104ZANIE PZC<\/strong><\/p>\n<p style=\"text-align: center;\">Rozwi\u0105za\u0107 PZC mo\u017ce Dyrektor Caritas Diecezji Elbl\u0105skiej za zgod\u0105 Biskupa Elbl\u0105skiego:<\/p>\n<p style=\"text-align: center;\">z w\u0142asnej inicjatywy;<\/p>\n<p style=\"text-align: center;\">na wniosek Walnego Zebrania Cz\u0142onk\u00f3w PZC;<\/p>\n<p style=\"text-align: center;\">na wniosek Przewodnicz\u0105cego PZC.<\/p>\n<p style=\"text-align: center;\">W razie rozwi\u0105zania PZC jego \u015brodki materialne przechodz\u0105 na dzia\u0142alno\u015b\u0107<\/p>\n<p style=\"text-align: center;\">charytatywn\u0105, zgodnie z decyzj\u0105 o przeznaczeniu \u015brodk\u00f3w materialnych i finansowych<\/p>\n<p style=\"text-align: center;\">podj\u0119t\u0105 przez Dyrektora Caritas Diecezji Elbl\u0105skiej.<\/p>\n<p style=\"text-align: center;\"><strong>ROZDZIA\u0141 IX<\/strong><\/p>\n<p style=\"text-align: center;\"><strong>SYMBOLE I \u015aWI\u0118TA<\/strong><\/p>\n<p style=\"text-align: center;\">1. PZC u\u017cywa piecz\u0119ci pod\u0142u\u017cnej o tre\u015bci: Parafialny Zesp\u00f3l Caritas przy Parafii<\/p>\n<p style=\"text-align: center;\">Rzymskokatolickiej p.w. (wezwanie parafii) w (miejscowo\u015b\u0107), dalej nast\u0119puje adres PZC.<\/p>\n<p style=\"text-align: center;\">2. Piecz\u0119\u0107 okr\u0105g\u0142a na otoku winna mie\u0107 napis Parafialny Zesp\u00f3\u0142 Caritas przy Parafii<\/p>\n<p style=\"text-align: center;\">Rzymskokatolickiej p.w. (wezwanie parafii) w (miejscowo\u015b\u0107) oraz w centrum<\/p>\n<p style=\"text-align: center;\">symbol Caritas: r\u00f3wnoramienny krzy\u017c, z potr\u00f3jnymi falistymi promieniami<\/p>\n<p style=\"text-align: center;\">wychodz\u0105cymi z ka\u017cdego wewn\u0119trznego k\u0105ta mi\u0119dzy ramionami krzy\u017ca oraz bia\u0142ymi<\/p>\n<p style=\"text-align: center;\">literami &#8220;Caritas&#8221;, wpisanymi w stylizowany symbol serca.<\/p>\n<p style=\"text-align: center;\">3. PZC ma prawo pos\u0142ugiwania si\u0119 znakiem Caritas z zachowaniem odr\u0119bnych<\/p>\n<p style=\"text-align: center;\">4. \u015awi\u0119tem patronalnym PZC jest \u015awi\u0119to Mi\u0142osierdzia Bo\u017cego.<\/p>\n<p style=\"text-align: center;\"><strong>ROZDZIA\u0141 X<\/strong><\/p>\n<p style=\"text-align: center;\"><strong>PRZEPISY KO\u0143COWE<\/strong><\/p>\n<p style=\"text-align: center;\">Niniejszy Statut wchodzi w \u017cycie w Uroczysto\u015b\u0107 \u015awi\u0119tego Stanis\u0142awa, Patrona Polski. tj. 8<\/p>\n<p style=\"text-align: center;\">maja Roku Pa\u0144skiego 2006.<\/p>\n<p style=\"text-align: center;\">===============================================<\/p>\n<p style=\"text-align: center;\"><strong>Elbl\u0105g, dnia 8 maja Roku Pa\u0144skiego 2006.<\/strong><\/p>\n<p style=\"text-align: center;\"><strong>STATUT<\/strong><\/p>\n<p style=\"text-align: center;\"><strong>PARAFIALNEGO ZESPO\u0141U CARITAS<\/strong><\/p>\n<p style=\"text-align: center;\"><strong>DLA PARAFII DIECEZJI ELBL\u0104SKIEJ<\/strong><\/p>\n<p style=\"text-align: center;\"><strong>NINIEJSZYM ZATWIERDZAM<\/strong><\/p>\n<p style=\"text-align: center;\">JAN STYRNA<\/p>\n<p style=\"text-align: center;\">BISKUP ELBL\u0104SKI<\/p>\n<p style=\"text-align: center;\">KS. DR ZDZIS\u0141AW BIEG<\/p>\n<p style=\"text-align: center;\">KANCLERZ KURII<\/p>\n","protected":false},"excerpt":{"rendered":"STATUT PARAFIALNEGO ZESPO\u0141U CARITAS PARAFII DIECEZJI ELBL\u0104SKIEJ W oparciu o \u201eWskazania duszpasterskie dla parafialnych zespo\u0142\u00f3w Caritas\u201d zaakceptowane przez Komisj\u0119 Charytatywn\u0105 Konferencji Episkopatu Polski \n<a class=\"moretag\" href=\"http:\/\/caritas.elblag.pl\/?page_id=155\"> [...]<\/a>","protected":false},"author":1,"featured_media":0,"parent":16,"menu_order":0,"comment_status":"closed","ping_status":"closed","template":"","meta":{"_exactmetrics_skip_tracking":false,"_exactmetrics_sitenote_active":false,"_exactmetrics_sitenote_note":"","_exactmetrics_sitenote_category":0,"footnotes":""},"class_list":["post-155","page","type-page","status-publish","hentry"],"_links":{"self":[{"href":"http:\/\/caritas.elblag.pl\/index.php?rest_route=\/wp\/v2\/pages\/155","targetHints":{"allow":["GET"]}}],"collection":[{"href":"http:\/\/caritas.elblag.pl\/index.php?rest_route=\/wp\/v2\/pages"}],"about":[{"href":"http:\/\/caritas.elblag.pl\/index.php?rest_route=\/wp\/v2\/types\/page"}],"author":[{"embeddable":true,"href":"http:\/\/caritas.elblag.pl\/index.php?rest_route=\/wp\/v2\/users\/1"}],"replies":[{"embeddable":true,"href":"http:\/\/caritas.elblag.pl\/index.php?rest_route=%2Fwp%2Fv2%2Fcomments&post=155"}],"version-history":[{"count":4,"href":"http:\/\/caritas.elblag.pl\/index.php?rest_route=\/wp\/v2\/pages\/155\/revisions"}],"predecessor-version":[{"id":238,"href":"http:\/\/caritas.elblag.pl\/index.php?rest_route=\/wp\/v2\/pages\/155\/revisions\/238"}],"up":[{"embeddable":true,"href":"http:\/\/caritas.elblag.pl\/index.php?rest_route=\/wp\/v2\/pages\/16"}],"wp:attachment":[{"href":"http:\/\/caritas.elblag.pl\/index.php?rest_route=%2Fwp%2Fv2%2Fmedia&parent=155"}],"curies":[{"name":"wp","href":"https:\/\/api.w.org\/{rel}","templated":true}]}}