{"id":159,"date":"2015-04-23T09:56:46","date_gmt":"2015-04-23T07:56:46","guid":{"rendered":"http:\/\/caritaselblag.pl\/?page_id=159"},"modified":"2025-03-03T17:32:32","modified_gmt":"2025-03-03T16:32:32","slug":"idea-1","status":"publish","type":"page","link":"http:\/\/caritas.elblag.pl\/?page_id=159","title":{"rendered":"Idea 1,5%"},"content":{"rendered":"<div class=\"vc_row wpb_row vc_row-fluid\">\n<div class=\"wpb_column vc_column_container vc_col-sm-12\">\n<div class=\"vc_column-inner \">\n<div class=\"wpb_wrapper\">\n<div class=\"wpb_text_column wpb_content_element \">\n<div class=\"wpb_wrapper\">\n<h1><strong>PRZYNIE\u015a ULG\u0118 W CIERPIENIU \u2013 PRZEKA\u017b 1,5% DLA CARITAS DIECEZJI ELBL\u0104SKIEJ<\/strong><\/h1>\n<\/div>\n<\/div>\n<\/div>\n<\/div>\n<\/div>\n<\/div>\n<div class=\"vc_row wpb_row vc_row-fluid\">\n<div class=\"wpb_column vc_column_container vc_col-sm-12\">\n<div class=\"vc_column-inner \">\n<div class=\"wpb_wrapper\">\n<div class=\"wpb_text_column wpb_content_element \">\n<div class=\"wpb_wrapper\">\n<p>Cierpienie nie wybiera \u2013 mo\u017ce dotkn\u0105\u0107 bez wzgl\u0119du na wiek, wykszta\u0142cenie, miejsce zamieszkania.<\/p>\n<p>Celem kampanii 1,5% Caritas Diecezji Elbl\u0105skiej jest ulga w codziennych dolegliwo\u015bciach: chorobach<\/p>\n<p>i niepe\u0142nosprawno\u015bci oraz profesjonalna pomoc skierowana do potrzebuj\u0105cych dzieci i os\u00f3b starszych.<\/p>\n<p>Dofinansowanie wyjazd\u00f3w wakacyjnych, do\u017cywianie, organizacja \u015bwietlic socjoterapeutycznych,<\/p>\n<p>noclegownie, punkty \u017cywieniowe, o\u015brodki rehabilitacyjne czy domy opieki to tylko jedne z wielu aktywno\u015bci,<\/p>\n<p>kt\u00f3re dzi\u0119ki \u015brodkom finansowym pozyskanym z 1,5% mog\u0105 by\u0107 \u015bwiadczone w spos\u00f3b profesjonalny i ci\u0105g\u0142y.<\/p>\n<p><strong>Bez Twojej pomocy to wszystko nie b\u0119dzie mo\u017cliwe. Na ka\u017cdym z nas ci\u0105\u017cy odpowiedzialno\u015b\u0107 <\/strong><\/p>\n<p><strong>za los innych, dlatego Caritas Diece3zji Elbl\u0105skiej prosi o przekazanie 1,5% podatku aby mog\u0142a dalej <\/strong><\/p>\n<p><strong>z powodzeniem wype\u0142nia\u0107 trudn\u0105 rol\u0119 mi\u0142osierdzia, kt\u00f3r\u0105 ka\u017cdego dnia z odpowiedzialno\u015bci\u0105 <\/strong><\/p>\n<p><strong>i oddaniem podejmuje na rzecz wszystkich potrzebuj\u0105cych pomocy.<\/strong><\/p>\n<\/div>\n<\/div>\n<\/div>\n<\/div>\n<\/div>\n<\/div>\n\n\n<figure class=\"wp-block-image size-large is-resized\"><a href=\"http:\/\/caritas.elblag.pl\/wp-content\/uploads\/2025\/02\/tgrgrgrre-scaled.jpg\"><img loading=\"lazy\" decoding=\"async\" src=\"http:\/\/caritas.elblag.pl\/wp-content\/uploads\/2025\/02\/tgrgrgrre-789x1024.jpg\" alt=\"\" class=\"wp-image-2143\" width=\"504\" height=\"654\" srcset=\"http:\/\/caritas.elblag.pl\/wp-content\/uploads\/2025\/02\/tgrgrgrre-789x1024.jpg 789w, http:\/\/caritas.elblag.pl\/wp-content\/uploads\/2025\/02\/tgrgrgrre-231x300.jpg 231w, http:\/\/caritas.elblag.pl\/wp-content\/uploads\/2025\/02\/tgrgrgrre-768x996.jpg 768w, http:\/\/caritas.elblag.pl\/wp-content\/uploads\/2025\/02\/tgrgrgrre-1184x1536.jpg 1184w, http:\/\/caritas.elblag.pl\/wp-content\/uploads\/2025\/02\/tgrgrgrre-1579x2048.jpg 1579w, http:\/\/caritas.elblag.pl\/wp-content\/uploads\/2025\/02\/tgrgrgrre-scaled.jpg 1973w\" sizes=\"auto, (max-width: 504px) 100vw, 504px\" \/><\/a><\/figure>\n\n\n\n<p><\/p>\n","protected":false},"excerpt":{"rendered":"PRZYNIE\u015a ULG\u0118 W CIERPIENIU \u2013 PRZEKA\u017b 1,5% DLA CARITAS DIECEZJI ELBL\u0104SKIEJ Cierpienie nie wybiera \u2013 mo\u017ce dotkn\u0105\u0107 bez wzgl\u0119du na wiek, wykszta\u0142cenie, miejsce \n<a class=\"moretag\" href=\"http:\/\/caritas.elblag.pl\/?page_id=159\"> [...]<\/a>","protected":false},"author":1,"featured_media":0,"parent":22,"menu_order":0,"comment_status":"closed","ping_status":"closed","template":"","meta":{"_exactmetrics_skip_tracking":false,"_exactmetrics_sitenote_active":false,"_exactmetrics_sitenote_note":"","_exactmetrics_sitenote_category":0,"footnotes":""},"class_list":["post-159","page","type-page","status-publish","hentry"],"_links":{"self":[{"href":"http:\/\/caritas.elblag.pl\/index.php?rest_route=\/wp\/v2\/pages\/159","targetHints":{"allow":["GET"]}}],"collection":[{"href":"http:\/\/caritas.elblag.pl\/index.php?rest_route=\/wp\/v2\/pages"}],"about":[{"href":"http:\/\/caritas.elblag.pl\/index.php?rest_route=\/wp\/v2\/types\/page"}],"author":[{"embeddable":true,"href":"http:\/\/caritas.elblag.pl\/index.php?rest_route=\/wp\/v2\/users\/1"}],"replies":[{"embeddable":true,"href":"http:\/\/caritas.elblag.pl\/index.php?rest_route=%2Fwp%2Fv2%2Fcomments&post=159"}],"version-history":[{"count":7,"href":"http:\/\/caritas.elblag.pl\/index.php?rest_route=\/wp\/v2\/pages\/159\/revisions"}],"predecessor-version":[{"id":2147,"href":"http:\/\/caritas.elblag.pl\/index.php?rest_route=\/wp\/v2\/pages\/159\/revisions\/2147"}],"up":[{"embeddable":true,"href":"http:\/\/caritas.elblag.pl\/index.php?rest_route=\/wp\/v2\/pages\/22"}],"wp:attachment":[{"href":"http:\/\/caritas.elblag.pl\/index.php?rest_route=%2Fwp%2Fv2%2Fmedia&parent=159"}],"curies":[{"name":"wp","href":"https:\/\/api.w.org\/{rel}","templated":true}]}}