{"id":167,"date":"2015-04-23T10:05:24","date_gmt":"2015-04-23T08:05:24","guid":{"rendered":"http:\/\/caritaselblag.pl\/?page_id=167"},"modified":"2020-02-11T17:39:08","modified_gmt":"2020-02-11T16:39:08","slug":"wplaty-bezposrednie-w-ciagu-roku","status":"publish","type":"page","link":"http:\/\/caritas.elblag.pl\/?page_id=167","title":{"rendered":"Wp\u0142aty bezpo\u015brednie w ci\u0105gu roku"},"content":{"rendered":"<div id=\"Middle\">\n<div id=\"text\">\n<p><strong>Wp\u0142aty bezpo\u015brednie\u00a0<\/strong><\/p>\n<p><a href=\"http:\/\/caritas.elblag.pl\/wp-content\/uploads\/2020\/02\/1_2020_Banner_300x600_CD.png\"><img loading=\"lazy\" decoding=\"async\" class=\"alignnone size-full wp-image-985\" src=\"http:\/\/caritas.elblag.pl\/wp-content\/uploads\/2020\/02\/1_2020_Banner_300x600_CD.png\" alt=\"\" width=\"300\" height=\"600\" srcset=\"http:\/\/caritas.elblag.pl\/wp-content\/uploads\/2020\/02\/1_2020_Banner_300x600_CD.png 300w, http:\/\/caritas.elblag.pl\/wp-content\/uploads\/2020\/02\/1_2020_Banner_300x600_CD-150x300.png 150w\" sizes=\"auto, (max-width: 300px) 100vw, 300px\" \/><\/a><\/p>\n<div class=\"vc_row wpb_row vc_row-fluid\">\n<div class=\"wpb_column vc_column_container vc_col-sm-12\">\n<div class=\"vc_column-inner \">\n<div class=\"wpb_wrapper\">\n<div class=\"wpb_text_column wpb_content_element \">\n<div class=\"wpb_wrapper\">\n<h1><strong>Program do rozlicze\u0144<\/strong><\/h1>\n<\/div>\n<\/div>\n<\/div>\n<\/div>\n<\/div>\n<\/div>\n<div class=\"vc_row wpb_row vc_row-fluid\">\n<div class=\"wpb_column vc_column_container vc_col-sm-6\">\n<div class=\"vc_column-inner \">\n<div class=\"wpb_wrapper\">\n<div class=\"wpb_text_column wpb_content_element \">\n<div class=\"wpb_wrapper\">\n<p>wersja online<\/p>\n<\/div>\n<\/div>\n<div class=\"wpb_single_image wpb_content_element vc_align_center\">\n<figure class=\"wpb_wrapper vc_figure\"><a class=\"vc_single_image-wrapper   vc_box_border_grey\" href=\"https:\/\/pit-format-online.pl\/2019\/72e23465b6a9d10fbbbf71f2c66bd2a7994ea590\" target=\"_self\"><img loading=\"lazy\" decoding=\"async\" class=\"vc_single_image-img attachment-medium\" src=\"https:\/\/jedenprocent.caritas.pl\/wp-content\/uploads\/2020\/01\/button_2_200x140px.png\" alt=\"\" width=\"200\" height=\"140\" \/><\/a><\/figure>\n<\/div>\n<\/div>\n<\/div>\n<\/div>\n<div class=\"wpb_column vc_column_container vc_col-sm-6\">\n<div class=\"vc_column-inner \">\n<div class=\"wpb_wrapper\">\n<div class=\"wpb_text_column wpb_content_element \">\n<div class=\"wpb_wrapper\">\n<p>wersja instalacyjna<\/p>\n<\/div>\n<\/div>\n<div class=\"wpb_single_image wpb_content_element vc_align_center\">\n<figure class=\"wpb_wrapper vc_figure\"><a class=\"vc_single_image-wrapper   vc_box_border_grey\" href=\"https:\/\/pity-format.pl\/2019\/408_cp\" target=\"_self\"><img loading=\"lazy\" decoding=\"async\" class=\"vc_single_image-img attachment-medium\" src=\"https:\/\/jedenprocent.caritas.pl\/wp-content\/uploads\/2020\/01\/button_1_200x140px.png\" alt=\"\" width=\"200\" height=\"140\" \/><\/a><\/figure>\n<\/div>\n<\/div>\n<\/div>\n<\/div>\n<\/div>\n<div class=\"vc_row wpb_row vc_row-fluid\">\n<div class=\"wpb_column vc_column_container vc_col-sm-12\">\n<div class=\"vc_column-inner \">\n<div class=\"wpb_wrapper\">\n<div class=\"vc_separator wpb_content_element vc_separator_align_center vc_sep_width_100 vc_sep_pos_align_center vc_separator_no_text vc_sep_color_grey\"><\/div>\n<div class=\"wpb_text_column wpb_content_element \">\n<div class=\"wpb_wrapper\">\n<p>Caritas Polska uczestniczy w projekcie PITax dla OPP.<br \/>\nWi\u0119cej na\u00a0<a href=\"https:\/\/www.pitax.pl\/\">www.pitax.pl<\/a>\u00a0oraz\u00a0<a href=\"https:\/\/www.iwop.pl\/\">www.iwop.pl<\/a><\/p>\n<\/div>\n<\/div>\n<\/div>\n<\/div>\n<\/div>\n<\/div>\n<div class=\"vc_row wpb_row vc_row-fluid\">\n<div class=\"wpb_column vc_column_container vc_col-sm-6\">\n<div class=\"vc_column-inner \">\n<div class=\"wpb_wrapper\">\n<div class=\"wpb_text_column wpb_content_element \">\n<div class=\"wpb_wrapper\">\n<p>wersja online<\/p>\n<\/div>\n<\/div>\n<div class=\"wpb_single_image wpb_content_element vc_align_center\">\n<figure class=\"wpb_wrapper vc_figure\"><a class=\"vc_single_image-wrapper   vc_box_border_grey\" href=\"https:\/\/www.pitax.pl\/rozliczenie-pit-online-0000198645\/\" target=\"_self\"><img loading=\"lazy\" decoding=\"async\" class=\"vc_single_image-img attachment-medium\" src=\"https:\/\/jedenprocent.caritas.pl\/wp-content\/uploads\/2020\/02\/Upitax-new-uruchom2.png\" alt=\"\" width=\"295\" height=\"180\" \/><\/a><\/figure>\n<\/div>\n<\/div>\n<\/div>\n<\/div>\n<div class=\"wpb_column vc_column_container vc_col-sm-6\">\n<div class=\"vc_column-inner \">\n<div class=\"wpb_wrapper\">\n<div class=\"wpb_text_column wpb_content_element \">\n<div class=\"wpb_wrapper\">\n<p>wersja instalacyjna<\/p>\n<\/div>\n<\/div>\n<div class=\"wpb_single_image wpb_content_element vc_align_center\">\n<figure class=\"wpb_wrapper vc_figure\"><a class=\"vc_single_image-wrapper   vc_box_border_grey\" href=\"https:\/\/www.pitax.pl\/rozliczenie-pit-online-0000198645\/?pobierz\" target=\"_self\"><img loading=\"lazy\" decoding=\"async\" class=\"vc_single_image-img attachment-medium\" src=\"https:\/\/jedenprocent.caritas.pl\/wp-content\/uploads\/2020\/02\/Upitax-new-pobierz-maly.png\" alt=\"\" width=\"295\" height=\"180\" \/><\/a><\/figure>\n<\/div>\n<\/div>\n<\/div>\n<\/div>\n<\/div>\n<\/div>\n<\/div>\n","protected":false},"excerpt":{"rendered":"Wp\u0142aty bezpo\u015brednie\u00a0 Program do rozlicze\u0144 wersja online wersja instalacyjna Caritas Polska uczestniczy w projekcie PITax dla OPP. Wi\u0119cej na\u00a0www.pitax.pl\u00a0oraz\u00a0www.iwop.pl wersja online wersja instalacyjna\n<a class=\"moretag\" href=\"http:\/\/caritas.elblag.pl\/?page_id=167\"> [...]<\/a>","protected":false},"author":1,"featured_media":0,"parent":22,"menu_order":0,"comment_status":"closed","ping_status":"closed","template":"","meta":{"_exactmetrics_skip_tracking":false,"_exactmetrics_sitenote_active":false,"_exactmetrics_sitenote_note":"","_exactmetrics_sitenote_category":0,"footnotes":""},"class_list":["post-167","page","type-page","status-publish","hentry"],"_links":{"self":[{"href":"http:\/\/caritas.elblag.pl\/index.php?rest_route=\/wp\/v2\/pages\/167","targetHints":{"allow":["GET"]}}],"collection":[{"href":"http:\/\/caritas.elblag.pl\/index.php?rest_route=\/wp\/v2\/pages"}],"about":[{"href":"http:\/\/caritas.elblag.pl\/index.php?rest_route=\/wp\/v2\/types\/page"}],"author":[{"embeddable":true,"href":"http:\/\/caritas.elblag.pl\/index.php?rest_route=\/wp\/v2\/users\/1"}],"replies":[{"embeddable":true,"href":"http:\/\/caritas.elblag.pl\/index.php?rest_route=%2Fwp%2Fv2%2Fcomments&post=167"}],"version-history":[{"count":4,"href":"http:\/\/caritas.elblag.pl\/index.php?rest_route=\/wp\/v2\/pages\/167\/revisions"}],"predecessor-version":[{"id":992,"href":"http:\/\/caritas.elblag.pl\/index.php?rest_route=\/wp\/v2\/pages\/167\/revisions\/992"}],"up":[{"embeddable":true,"href":"http:\/\/caritas.elblag.pl\/index.php?rest_route=\/wp\/v2\/pages\/22"}],"wp:attachment":[{"href":"http:\/\/caritas.elblag.pl\/index.php?rest_route=%2Fwp%2Fv2%2Fmedia&parent=167"}],"curies":[{"name":"wp","href":"https:\/\/api.w.org\/{rel}","templated":true}]}}