{"id":22,"date":"2015-04-01T17:38:34","date_gmt":"2015-04-01T15:38:34","guid":{"rendered":"http:\/\/caritaselblag.pl\/?page_id=22"},"modified":"2020-02-11T17:27:05","modified_gmt":"2020-02-11T16:27:05","slug":"przekaz-1","status":"publish","type":"page","link":"http:\/\/caritas.elblag.pl\/?page_id=22","title":{"rendered":"Caritas"},"content":{"rendered":"<p><strong>Drodzy Darczy\u0144cy!<\/strong><\/p>\n<p>Caritas Diecezji Elbl\u0105skiej koordynuje wielorak\u0105 dzia\u0142alno\u015b\u0107 charytatywn\u0105 w naszej diecezji. Dzi\u0119ki ludziom wra\u017cliwego serca mo\u017cliwe s\u0105: Diecezjalny Dzie\u0144 Dziecka, Przedstawienie z okazji \u015bw. Miko\u0142aja, kolonie letnie dla dzieci, Wigilijne Dzie\u0142o Pomocy Dzieciom, Wigilia i \u015aniadanie Wielkanocne dla bezdomnych, rozwijanie pracy Parafialnych Zespo\u0142\u00f3w Caritas (PZC), Szkolnych K\u00f3\u0142 Caritas (SKC), rozprowadzanie \u017cywno\u015bci w ramach unijnego programu PEAD, spotkania formacyjno-informacyjne dla wolontariuszy PZC: dzia\u0142ania Poradni Rodzinnej, Punktu informacyjnego o kultach i sektach, prowadzenie (przy \u015bcis\u0142ej wsp\u00f3\u0142pracy z miastem Elbl\u0105g) jad\u0142odalni dla ubogich, pomoc dora\u017ana (\u017cywno\u015b\u0107, odzie\u017c, \u015brodki czysto\u015bci i higieny osobistej), wspieranie misji, u\u017cyczanie sprz\u0119tu rehabilitacyjnego, dzia\u0142anie Grupy SM (stwardnienie rozsiane) &#8220;Victoria&#8221;, Centrum Wolontariatu i Klubu Seniora.<\/p>\n<p><strong>Kto mo\u017ce przekaza\u0107 1% na Organizacj\u0119 Po\u017cytku Publicznego ?<\/strong><\/p>\n<p>1% przekazuj\u0105 za dany rok podatnicy podatku dochodowego od os\u00f3b fizycznych, podatnicy prowadz\u0105cy jednoosobow\u0105 dzia\u0142alno\u015b\u0107 gospodarcz\u0105 i korzystaj\u0105cy z liniowej 19% stawki podatku oraz rycza\u0142towcy.<\/p>\n<p><strong>Komu 1%<\/strong> &#8211; organizacji po\u017cytku publicznego, dzia\u0142aj\u0105cej w oparciu o ustaw\u0119 z dnia 24.04.2003 r. o dzia\u0142alno\u015bci po\u017cytku publicznego i wolontariacie (Dz.U. z 2003 r. Nr 96, poz. 873 z p\u00f3\u017a.zm).<\/p>\n<p><strong>Kiedy ?<\/strong> &#8211; PIT-28 nie p\u00f3\u017aniej ni\u017c 31 stycznia, pozosta\u0142e do 30 kwietnia.<\/p>\n<p>&nbsp;<\/p>\n<div class=\"wpb_text_column wpb_content_element \">\n<div class=\"wpb_wrapper\">\n<h1><strong>O Caritas Polska<\/strong><\/h1>\n<\/div>\n<\/div>\n<div class=\"wpb_text_column wpb_content_element \">\n<div class=\"wpb_wrapper\">\n<p>Caritas Polska jest instytucj\u0105 charytatywn\u0105 Konferencji Episkopatu Polski.<br \/>\nZosta\u0142a reaktywowana w 1990 roku. Odwo\u0142uje si\u0119 do tradycji pracy charytatywnej Caritas sprzed 1950 roku.<\/p>\n<p>Pocz\u0105tki dzia\u0142alno\u015bci Caritas w Polsce to g\u0142\u00f3wnie dystrybucja dar\u00f3w materialnych otrzymywanych z zagranicy.<br \/>\nSzybko jednak zmieni\u0142a swoj\u0105 strategi\u0119 i zaj\u0119\u0142a si\u0119 udzielaniem pomocy charytatywnej<br \/>\ndzi\u0119ki \u015brodkom pozyskiwanym od ludzi dobrej woli i instytucji.<br \/>\nObecnie prowadzi blisko 1000 plac\u00f3wek opieki socjalnej, w tym:<\/p>\n<ul>\n<li>158 stacji opieki dla doros\u0142ych<\/li>\n<li>14 poradni lekarskich<\/li>\n<li>66 stacjonarnych zak\u0142ad\u00f3w rehabilitacyjnych<\/li>\n<li>44 hospicja<\/li>\n<li>114 wypo\u017cyczalni sprz\u0119tu rehabilitacyjnego<\/li>\n<li>69 schronisk i ogrzewalni<\/li>\n<li>91 jad\u0142odajni<\/li>\n<li>700 punkt\u00f3w wydawania \u017cywno\u015bci POP\u017b<\/li>\n<li>32 domy dla matek z dzie\u0107mi<\/li>\n<li>62 Warsztat\u00f3w Terapii Zaj\u0119ciowej<\/li>\n<li>44 \u015arodowiskowe Domy Samopomocy<\/li>\n<li>7 Zak\u0142ad\u00f3w Aktywno\u015bci Zawodowej<\/li>\n<\/ul>\n<p>W ci\u0105gu 28 lat swego istnienia Caritas w Polsce przygotowa\u0142a i wdro\u017cy\u0142a kilkadziesi\u0105t<br \/>\nprogram\u00f3w ukierunkowanych zar\u00f3wno na pomoc krajow\u0105 (m.in. Wigilijne Dzie\u0142o Pomocy Dzieciom,<br \/>\nJa\u0142mu\u017cna Wielkopostna, Kromka Chleba, Program Skrzyd\u0142a, Tytka Charytatywna,<br \/>\nTornister Pe\u0142en U\u015bmiech\u00f3w) i zagraniczn\u0105 (Rodzina Rodzinie, liczne projekty pomocowe na ca\u0142ym \u015bwiecie).<br \/>\nWi\u0119cej na\u00a0<a href=\"http:\/\/www.caritas.pl\/\">www.caritas.pl<\/a>.<\/p>\n<\/div>\n<\/div>\n<p><a href=\"http:\/\/caritas.elblag.pl\/wp-content\/uploads\/2020\/02\/1_2020_Banner_750x200_Bt-1.png\"><img loading=\"lazy\" decoding=\"async\" class=\"alignnone  wp-image-983\" src=\"http:\/\/caritas.elblag.pl\/wp-content\/uploads\/2020\/02\/1_2020_Banner_750x200_Bt-1.png\" alt=\"\" width=\"593\" height=\"158\" srcset=\"http:\/\/caritas.elblag.pl\/wp-content\/uploads\/2020\/02\/1_2020_Banner_750x200_Bt-1.png 750w, http:\/\/caritas.elblag.pl\/wp-content\/uploads\/2020\/02\/1_2020_Banner_750x200_Bt-1-300x80.png 300w\" sizes=\"auto, (max-width: 593px) 100vw, 593px\" \/><\/a><\/p>\n","protected":false},"excerpt":{"rendered":"Drodzy Darczy\u0144cy! Caritas Diecezji Elbl\u0105skiej koordynuje wielorak\u0105 dzia\u0142alno\u015b\u0107 charytatywn\u0105 w naszej diecezji. Dzi\u0119ki ludziom wra\u017cliwego serca mo\u017cliwe s\u0105: Diecezjalny Dzie\u0144 Dziecka, Przedstawienie z \n<a class=\"moretag\" href=\"http:\/\/caritas.elblag.pl\/?page_id=22\"> [...]<\/a>","protected":false},"author":1,"featured_media":0,"parent":0,"menu_order":0,"comment_status":"closed","ping_status":"closed","template":"","meta":{"_exactmetrics_skip_tracking":false,"_exactmetrics_sitenote_active":false,"_exactmetrics_sitenote_note":"","_exactmetrics_sitenote_category":0,"footnotes":""},"class_list":["post-22","page","type-page","status-publish","hentry"],"_links":{"self":[{"href":"http:\/\/caritas.elblag.pl\/index.php?rest_route=\/wp\/v2\/pages\/22","targetHints":{"allow":["GET"]}}],"collection":[{"href":"http:\/\/caritas.elblag.pl\/index.php?rest_route=\/wp\/v2\/pages"}],"about":[{"href":"http:\/\/caritas.elblag.pl\/index.php?rest_route=\/wp\/v2\/types\/page"}],"author":[{"embeddable":true,"href":"http:\/\/caritas.elblag.pl\/index.php?rest_route=\/wp\/v2\/users\/1"}],"replies":[{"embeddable":true,"href":"http:\/\/caritas.elblag.pl\/index.php?rest_route=%2Fwp%2Fv2%2Fcomments&post=22"}],"version-history":[{"count":13,"href":"http:\/\/caritas.elblag.pl\/index.php?rest_route=\/wp\/v2\/pages\/22\/revisions"}],"predecessor-version":[{"id":1554,"href":"http:\/\/caritas.elblag.pl\/index.php?rest_route=\/wp\/v2\/pages\/22\/revisions\/1554"}],"wp:attachment":[{"href":"http:\/\/caritas.elblag.pl\/index.php?rest_route=%2Fwp%2Fv2%2Fmedia&parent=22"}],"curies":[{"name":"wp","href":"https:\/\/api.w.org\/{rel}","templated":true}]}}