{"id":64,"date":"2015-04-02T15:43:17","date_gmt":"2015-04-02T13:43:17","guid":{"rendered":"http:\/\/caritaselblag.pl\/?page_id=64"},"modified":"2022-10-22T20:06:17","modified_gmt":"2022-10-22T18:06:17","slug":"kontakt","status":"publish","type":"page","link":"http:\/\/caritas.elblag.pl\/?page_id=64","title":{"rendered":"Kontakt"},"content":{"rendered":"<p style=\"text-align: center;\"><strong>Caritas Diecezji Elbl\u0105skiej<\/strong><\/p>\n<p style=\"text-align: center;\">82-300 Elbl\u0105g, ul. Zamkowa 17,<\/p>\n<p align=\"center\">tel. (55) 232 66 09<\/p>\n<p align=\"center\">KOM. 509 773 918<\/p>\n<p align=\"center\">www.:\u00a0 <a href=\"http:\/\/caritas.elblag.pl\/\">http:\/\/caritas.elblag.pl\/<\/a><\/p>\n<p align=\"center\">mail: <a href=\"mailto:caritas.elblag@gmail.com\">caritas.elblag@gmail.com<\/a><\/p>\n<p style=\"text-align: center;\"><strong><span style=\"font-size: large;\">Biuro Caritas Diecezji Elbl\u0105skiej czynne od poniedzia\u0142ku do pi\u0105tku w godzinach 9.00 \u2013 13.00<\/span><\/strong><\/p>\n<p>numery kont:<\/p>\n<p><strong>a) PKO SA\u00a0 77 1240 2265 1111 0010 7446 3553\u00a0 II O\/Elbl\u0105g<\/strong><\/p>\n<p><strong> b) BS Sztum\u00a0 61 8309 0000 0063 6565 2000 0010<\/strong><\/p>\n","protected":false},"excerpt":{"rendered":"Caritas Diecezji Elbl\u0105skiej 82-300 Elbl\u0105g, ul. Zamkowa 17, tel. (55) 232 66 09 KOM. 509 773 918 www.:\u00a0 http:\/\/caritas.elblag.pl\/ mail: caritas.elblag@gmail.com Biuro Caritas \n<a class=\"moretag\" href=\"http:\/\/caritas.elblag.pl\/?page_id=64\"> [...]<\/a>","protected":false},"author":1,"featured_media":0,"parent":0,"menu_order":0,"comment_status":"closed","ping_status":"closed","template":"","meta":{"_exactmetrics_skip_tracking":false,"_exactmetrics_sitenote_active":false,"_exactmetrics_sitenote_note":"","_exactmetrics_sitenote_category":0,"footnotes":""},"class_list":["post-64","page","type-page","status-publish","hentry"],"_links":{"self":[{"href":"http:\/\/caritas.elblag.pl\/index.php?rest_route=\/wp\/v2\/pages\/64","targetHints":{"allow":["GET"]}}],"collection":[{"href":"http:\/\/caritas.elblag.pl\/index.php?rest_route=\/wp\/v2\/pages"}],"about":[{"href":"http:\/\/caritas.elblag.pl\/index.php?rest_route=\/wp\/v2\/types\/page"}],"author":[{"embeddable":true,"href":"http:\/\/caritas.elblag.pl\/index.php?rest_route=\/wp\/v2\/users\/1"}],"replies":[{"embeddable":true,"href":"http:\/\/caritas.elblag.pl\/index.php?rest_route=%2Fwp%2Fv2%2Fcomments&post=64"}],"version-history":[{"count":11,"href":"http:\/\/caritas.elblag.pl\/index.php?rest_route=\/wp\/v2\/pages\/64\/revisions"}],"predecessor-version":[{"id":1633,"href":"http:\/\/caritas.elblag.pl\/index.php?rest_route=\/wp\/v2\/pages\/64\/revisions\/1633"}],"wp:attachment":[{"href":"http:\/\/caritas.elblag.pl\/index.php?rest_route=%2Fwp%2Fv2%2Fmedia&parent=64"}],"curies":[{"name":"wp","href":"https:\/\/api.w.org\/{rel}","templated":true}]}}