{"id":98,"date":"2015-04-12T19:30:40","date_gmt":"2015-04-12T17:30:40","guid":{"rendered":"http:\/\/caritaselblag.pl\/?page_id=98"},"modified":"2025-06-04T22:06:49","modified_gmt":"2025-06-04T20:06:49","slug":"mikoszewo","status":"publish","type":"page","link":"http:\/\/caritas.elblag.pl\/?page_id=98","title":{"rendered":"Mikoszewo"},"content":{"rendered":"\n<p><strong>Caritas Diecezji Elbl\u0105skiej O\u015brodek Kolonijno-Formacyjny w Mikoszewie<\/strong><\/p>\n\n\n\n<p>Caritas Diecezji Elbl\u0105skiej <br \/>O\u015brodek Kolonijno \u2013 Formacyjny w Mikoszewie, <br \/>Mikoszewo, ul. Wi\u015blana 20, <br \/>82-103 Stegna,<\/p>\n\n\n\n<p><strong>Od 1 czerwca 2025 r. podmiotem prowadz\u0105cym O\u015brodek jest<\/strong>:<br \/><strong>Dyrektor Domu Formacyjnego \u015bw. Wojciecha w Mikoszewie Ks. Arkadiusz Burandt<\/strong><\/p>\n\n\n\n<p>Le\u015bna 7, 82-103 Mikoszewo<\/p>\n\n\n\n<p><strong>tel.<\/strong> \u00a0<a href=\"tel:55 245 08 55\">55 245 08 55<\/a>, <strong>tel. kom.<\/strong>\u00a0<a href=\"tel:602 158 092\">602 158 092\u00a0<\/a><\/p>\n\n\n\n<p><strong>e-mail:<\/strong><br \/><a href=\"mailto:domform@domformacyjny.pl\">domform@domformacyjny.pl\u00a0\u00a0 \u00a0\u00a0<\/a><\/p>\n\n\n\n<p><strong>e-mail: caritas.elblag@gmail.com<\/strong><\/p>\n\n\n\n<p>&nbsp;<a href=\"http:\/\/caritas.elblag.pl\/?page_id=98\" target=\"_blank\" rel=\"noreferrer noopener\"><strong>strona internetowa<\/strong><\/a>: www.caritas.elblag.pl<\/p>\n\n\n\n<p><\/p>\n\n\n\n<figure class=\"wp-block-image size-large is-resized\"><a href=\"http:\/\/caritas.elblag.pl\/wp-content\/uploads\/2015\/04\/mapa__Mikoszewo.jpg\"><img loading=\"lazy\" decoding=\"async\" width=\"600\" height=\"773\" src=\"http:\/\/caritas.elblag.pl\/wp-content\/uploads\/2015\/04\/mapa__Mikoszewo.jpg\" alt=\"\" class=\"wp-image-28\" style=\"width:471px;height:607px\" srcset=\"http:\/\/caritas.elblag.pl\/wp-content\/uploads\/2015\/04\/mapa__Mikoszewo.jpg 600w, http:\/\/caritas.elblag.pl\/wp-content\/uploads\/2015\/04\/mapa__Mikoszewo-233x300.jpg 233w\" sizes=\"auto, (max-width: 600px) 100vw, 600px\" \/><\/a><\/figure>\n\n\n\n<p><strong>Wypoczynek: rodzinny, grupy zorganizowane, osoby indywidualne, biwaki, kursy, szkolenia, rekolekcje.<\/strong><\/p>\n\n\n\n<p>W naszym o\u015brodku posiadamy 61 miejsc noclegowych w domkach murowanych, drewnianych i typu holenderskiego; wszystkie z pe\u0142nym zapleczem sanitarnym (toaleta, prysznic). Wi\u0119kszo\u015b\u0107 domk\u00f3w posiada aneks kuchenny.<\/p>\n\n\n\n<p>O\u015brodek jest po\u0142o\u017cony przy uj\u015bciu Wis\u0142y, jego teren jest ogrodzony i o\u015bwietlony, w bezpo\u015brednim s\u0105siedztwie znajduje si\u0119 basen. Do dyspozycji mamy now\u0105 \u015bwietlic\u0119 na 50 os\u00f3b wyposa\u017con\u0105 w TV i DVD. W obr\u0119bie O\u015brodka znajduje si\u0119 plac zabaw dla dzieci, boisko do siatk\u00f3wki i koszyk\u00f3wki, miejsce na ognisko i grilla oraz parking. Blisko O\u015brodka biegnie \u015bcie\u017cka rowerowa prowadz\u0105ca a\u017c do Krynicy Morskiej, szlak Nadwi\u015bla\u0144ski do brzegu Wis\u0142y, gdzie mo\u017cna skorzysta\u0107 z po\u0142\u0105czenia z Gda\u0144skiem za pomoc\u0105 promu. Od \u015bcie\u017cki rowerowej mo\u017cna uda\u0107 si\u0119 przez las na G\u00f3r\u0119 Ksi\u0119cia Albrechta, a teren Rezerwatu Mewia \u0141acha oferuje pi\u0119kne widoki na Jezioro Mikoszewskie oraz Uj\u015bcie Wis\u0142y do Ba\u0142tyku. Przez Mikoszewo prowadzi legendarny szlak \u015bw. Jakuba do Santiago de Compostela.<\/p>\n\n\n\n<p>Nie brakuje te\u017c innych atrakcji: Rejsy na foki \u2013 wyprawy \u0142odzi\u0105 motorow\u0105 do Uj\u015bcia Wis\u0142y do Ba\u0142tyku, kolejka w\u0105skotorowa (trasa prawy brzeg Wis\u0142y \u2013 Sztutowo), strusia ferma, przeja\u017cd\u017cki konne, Muzeum Bursztynu, przeprawa promowa przez Wis\u0142\u0119, Centrum Edukacji i Promocji Regionu w Szymbarku. Mo\u017cna te\u017c wybra\u0107 si\u0119 na wycieczk\u0119 do Tr\u00f3jmiasta b\u0105d\u017a odwiedzi\u0107 Muzeum Stutthof w pobliskim Sztutowie. Do pla\u017cy spacerem dochodzimy po 20 minutach.<\/p>\n\n\n\n<p>Ko\u015bci\u00f3\u0142 parafialny w Mikoszewie znajduje si\u0119 ok. 200 m od o\u015brodka.<\/p>\n\n\n\n<p><strong>Pozycja GPS<\/strong>&nbsp;<strong>O\u015brodka<\/strong>: <strong>54.335894, 18.950150<\/strong><\/p>\n\n\n\n<p><em>Wi\u0119cej zdj\u0119\u0107 na stronie w galerii&nbsp;<\/em><em><strong>\u201cO\u015brodek w Mikoszewie\u201d<\/strong><\/em><strong>.<\/strong><\/p>\n\n\n\n<p>Koszt noclegu wynosi 70,00 z\u0142 od osoby<\/p>\n\n\n\n<p>Grupy zorganizowane 65,00 z\u0142 od osoby<\/p>\n\n\n\n<figure class=\"wp-block-image size-large is-resized\"><a href=\"http:\/\/caritas.elblag.pl\/wp-content\/uploads\/2025\/05\/P1190879-1.jpg\"><img loading=\"lazy\" decoding=\"async\" width=\"1024\" height=\"645\" src=\"http:\/\/caritas.elblag.pl\/wp-content\/uploads\/2025\/05\/P1190879-1-1024x645.jpg\" alt=\"\" class=\"wp-image-2189\" style=\"width:529px;height:auto\" srcset=\"http:\/\/caritas.elblag.pl\/wp-content\/uploads\/2025\/05\/P1190879-1-1024x645.jpg 1024w, http:\/\/caritas.elblag.pl\/wp-content\/uploads\/2025\/05\/P1190879-1-300x189.jpg 300w, http:\/\/caritas.elblag.pl\/wp-content\/uploads\/2025\/05\/P1190879-1-768x484.jpg 768w, http:\/\/caritas.elblag.pl\/wp-content\/uploads\/2025\/05\/P1190879-1-1536x968.jpg 1536w, http:\/\/caritas.elblag.pl\/wp-content\/uploads\/2025\/05\/P1190879-1-2048x1291.jpg 2048w\" sizes=\"auto, (max-width: 1024px) 100vw, 1024px\" \/><\/a><\/figure>\n\n\n\n<figure class=\"wp-block-image size-large is-resized\"><a href=\"http:\/\/caritas.elblag.pl\/wp-content\/uploads\/2023\/03\/2.-Mikoszewo-scaled.jpg\"><img loading=\"lazy\" decoding=\"async\" width=\"1024\" height=\"768\" src=\"http:\/\/caritas.elblag.pl\/wp-content\/uploads\/2023\/03\/2.-Mikoszewo-1024x768.jpg\" alt=\"\" class=\"wp-image-1691\" style=\"width:531px;height:398px\" srcset=\"http:\/\/caritas.elblag.pl\/wp-content\/uploads\/2023\/03\/2.-Mikoszewo-1024x768.jpg 1024w, http:\/\/caritas.elblag.pl\/wp-content\/uploads\/2023\/03\/2.-Mikoszewo-300x225.jpg 300w, http:\/\/caritas.elblag.pl\/wp-content\/uploads\/2023\/03\/2.-Mikoszewo-768x576.jpg 768w, http:\/\/caritas.elblag.pl\/wp-content\/uploads\/2023\/03\/2.-Mikoszewo-1536x1152.jpg 1536w, http:\/\/caritas.elblag.pl\/wp-content\/uploads\/2023\/03\/2.-Mikoszewo-2048x1536.jpg 2048w\" sizes=\"auto, (max-width: 1024px) 100vw, 1024px\" \/><\/a><\/figure>\n\n\n\n<figure class=\"wp-block-image size-large is-resized\"><img loading=\"lazy\" decoding=\"async\" width=\"1024\" height=\"716\" src=\"http:\/\/caritas.elblag.pl\/wp-content\/uploads\/2025\/05\/P1190897-1024x716.jpg\" alt=\"\" class=\"wp-image-2219\" style=\"width:532px;height:399px\" srcset=\"http:\/\/caritas.elblag.pl\/wp-content\/uploads\/2025\/05\/P1190897-1024x716.jpg 1024w, http:\/\/caritas.elblag.pl\/wp-content\/uploads\/2025\/05\/P1190897-300x210.jpg 300w, http:\/\/caritas.elblag.pl\/wp-content\/uploads\/2025\/05\/P1190897-768x537.jpg 768w, http:\/\/caritas.elblag.pl\/wp-content\/uploads\/2025\/05\/P1190897-1536x1073.jpg 1536w, http:\/\/caritas.elblag.pl\/wp-content\/uploads\/2025\/05\/P1190897-2048x1431.jpg 2048w, http:\/\/caritas.elblag.pl\/wp-content\/uploads\/2025\/05\/P1190897-120x85.jpg 120w\" sizes=\"auto, (max-width: 1024px) 100vw, 1024px\" \/><\/figure>\n\n\n\n<figure class=\"wp-block-image size-large is-resized\"><img loading=\"lazy\" decoding=\"async\" width=\"1024\" height=\"701\" src=\"http:\/\/caritas.elblag.pl\/wp-content\/uploads\/2025\/05\/P1190908-1024x701.jpg\" alt=\"\" class=\"wp-image-2230\" style=\"aspect-ratio:1.3316708229426435;width:534px;height:auto\" srcset=\"http:\/\/caritas.elblag.pl\/wp-content\/uploads\/2025\/05\/P1190908-1024x701.jpg 1024w, http:\/\/caritas.elblag.pl\/wp-content\/uploads\/2025\/05\/P1190908-300x205.jpg 300w, http:\/\/caritas.elblag.pl\/wp-content\/uploads\/2025\/05\/P1190908-768x526.jpg 768w, http:\/\/caritas.elblag.pl\/wp-content\/uploads\/2025\/05\/P1190908-1536x1052.jpg 1536w, http:\/\/caritas.elblag.pl\/wp-content\/uploads\/2025\/05\/P1190908-2048x1402.jpg 2048w\" sizes=\"auto, (max-width: 1024px) 100vw, 1024px\" \/><\/figure>\n\n\n\n<figure class=\"wp-block-image is-resized\"><a href=\"http:\/\/caritas.elblag.pl\/wp-content\/uploads\/2020\/06\/DSC01587.jpg\"><img loading=\"lazy\" decoding=\"async\" width=\"1024\" height=\"768\" src=\"http:\/\/caritas.elblag.pl\/wp-content\/uploads\/2020\/06\/DSC01587-1024x768.jpg\" alt=\"\" class=\"wp-image-1129\" style=\"width:542px;height:407px\" srcset=\"http:\/\/caritas.elblag.pl\/wp-content\/uploads\/2020\/06\/DSC01587-1024x768.jpg 1024w, http:\/\/caritas.elblag.pl\/wp-content\/uploads\/2020\/06\/DSC01587-300x225.jpg 300w, http:\/\/caritas.elblag.pl\/wp-content\/uploads\/2020\/06\/DSC01587-768x576.jpg 768w\" sizes=\"auto, (max-width: 1024px) 100vw, 1024px\" \/><\/a><\/figure>\n\n\n\n<figure class=\"wp-block-image is-resized\"><a href=\"http:\/\/caritas.elblag.pl\/wp-content\/uploads\/2020\/06\/DSC01596.jpg\"><img loading=\"lazy\" decoding=\"async\" width=\"1024\" height=\"768\" src=\"http:\/\/caritas.elblag.pl\/wp-content\/uploads\/2020\/06\/DSC01596-1024x768.jpg\" alt=\"\" class=\"wp-image-1128\" style=\"width:545px;height:409px\" srcset=\"http:\/\/caritas.elblag.pl\/wp-content\/uploads\/2020\/06\/DSC01596-1024x768.jpg 1024w, http:\/\/caritas.elblag.pl\/wp-content\/uploads\/2020\/06\/DSC01596-300x225.jpg 300w, http:\/\/caritas.elblag.pl\/wp-content\/uploads\/2020\/06\/DSC01596-768x576.jpg 768w\" sizes=\"auto, (max-width: 1024px) 100vw, 1024px\" \/><\/a><\/figure>\n\n\n\n<figure class=\"wp-block-image size-large is-resized\"><a href=\"http:\/\/caritas.elblag.pl\/wp-content\/uploads\/2025\/05\/P1190969.jpg\"><img loading=\"lazy\" decoding=\"async\" width=\"1024\" height=\"754\" src=\"http:\/\/caritas.elblag.pl\/wp-content\/uploads\/2025\/05\/P1190969-1024x754.jpg\" alt=\"\" class=\"wp-image-2221\" style=\"width:550px;height:auto\" srcset=\"http:\/\/caritas.elblag.pl\/wp-content\/uploads\/2025\/05\/P1190969-1024x754.jpg 1024w, http:\/\/caritas.elblag.pl\/wp-content\/uploads\/2025\/05\/P1190969-300x221.jpg 300w, http:\/\/caritas.elblag.pl\/wp-content\/uploads\/2025\/05\/P1190969-768x566.jpg 768w, http:\/\/caritas.elblag.pl\/wp-content\/uploads\/2025\/05\/P1190969-1536x1132.jpg 1536w, http:\/\/caritas.elblag.pl\/wp-content\/uploads\/2025\/05\/P1190969-2048x1509.jpg 2048w\" sizes=\"auto, (max-width: 1024px) 100vw, 1024px\" \/><\/a><\/figure>\n\n\n\n<figure class=\"wp-block-image is-resized\"><a href=\"http:\/\/caritas.elblag.pl\/wp-content\/uploads\/2020\/06\/DSC01609.jpg\"><img loading=\"lazy\" decoding=\"async\" width=\"1024\" height=\"768\" src=\"http:\/\/caritas.elblag.pl\/wp-content\/uploads\/2020\/06\/DSC01609-1024x768.jpg\" alt=\"\" class=\"wp-image-1126\" style=\"width:551px;height:413px\" srcset=\"http:\/\/caritas.elblag.pl\/wp-content\/uploads\/2020\/06\/DSC01609-1024x768.jpg 1024w, http:\/\/caritas.elblag.pl\/wp-content\/uploads\/2020\/06\/DSC01609-300x225.jpg 300w, http:\/\/caritas.elblag.pl\/wp-content\/uploads\/2020\/06\/DSC01609-768x576.jpg 768w\" sizes=\"auto, (max-width: 1024px) 100vw, 1024px\" \/><\/a><\/figure>\n\n\n\n<p><\/p>\n\n\n\n<figure class=\"wp-block-image\"><a href=\"http:\/\/caritas.elblag.pl\/wp-content\/uploads\/2025\/05\/image.png\"><img loading=\"lazy\" decoding=\"async\" width=\"1024\" height=\"65\" src=\"http:\/\/caritas.elblag.pl\/wp-content\/uploads\/2025\/05\/image-1024x65.png\" alt=\"\" class=\"wp-image-2193\" srcset=\"http:\/\/caritas.elblag.pl\/wp-content\/uploads\/2025\/05\/image-1024x65.png 1024w, http:\/\/caritas.elblag.pl\/wp-content\/uploads\/2025\/05\/image-300x19.png 300w, http:\/\/caritas.elblag.pl\/wp-content\/uploads\/2025\/05\/image-768x49.png 768w, http:\/\/caritas.elblag.pl\/wp-content\/uploads\/2025\/05\/image.png 1027w\" sizes=\"auto, (max-width: 1024px) 100vw, 1024px\" \/><\/a><\/figure>\n","protected":false},"excerpt":{"rendered":"Caritas Diecezji Elbl\u0105skiej O\u015brodek Kolonijno-Formacyjny w Mikoszewie Caritas Diecezji Elbl\u0105skiej O\u015brodek Kolonijno \u2013 Formacyjny w Mikoszewie, Mikoszewo, ul. Wi\u015blana 20, 82-103 Stegna, Od \n<a class=\"moretag\" href=\"http:\/\/caritas.elblag.pl\/?page_id=98\"> [...]<\/a>","protected":false},"author":1,"featured_media":0,"parent":0,"menu_order":0,"comment_status":"closed","ping_status":"closed","template":"","meta":{"_exactmetrics_skip_tracking":false,"_exactmetrics_sitenote_active":false,"_exactmetrics_sitenote_note":"","_exactmetrics_sitenote_category":0,"footnotes":""},"class_list":["post-98","page","type-page","status-publish","hentry"],"_links":{"self":[{"href":"http:\/\/caritas.elblag.pl\/index.php?rest_route=\/wp\/v2\/pages\/98","targetHints":{"allow":["GET"]}}],"collection":[{"href":"http:\/\/caritas.elblag.pl\/index.php?rest_route=\/wp\/v2\/pages"}],"about":[{"href":"http:\/\/caritas.elblag.pl\/index.php?rest_route=\/wp\/v2\/types\/page"}],"author":[{"embeddable":true,"href":"http:\/\/caritas.elblag.pl\/index.php?rest_route=\/wp\/v2\/users\/1"}],"replies":[{"embeddable":true,"href":"http:\/\/caritas.elblag.pl\/index.php?rest_route=%2Fwp%2Fv2%2Fcomments&post=98"}],"version-history":[{"count":25,"href":"http:\/\/caritas.elblag.pl\/index.php?rest_route=\/wp\/v2\/pages\/98\/revisions"}],"predecessor-version":[{"id":2250,"href":"http:\/\/caritas.elblag.pl\/index.php?rest_route=\/wp\/v2\/pages\/98\/revisions\/2250"}],"wp:attachment":[{"href":"http:\/\/caritas.elblag.pl\/index.php?rest_route=%2Fwp%2Fv2%2Fmedia&parent=98"}],"curies":[{"name":"wp","href":"https:\/\/api.w.org\/{rel}","templated":true}]}}